{"id":1920,"date":"2025-09-25T16:18:23","date_gmt":"2025-09-25T16:18:23","guid":{"rendered":"http:\/\/freebiker-burg.com\/?page_id=1920"},"modified":"2025-09-25T16:30:14","modified_gmt":"2025-09-25T16:30:14","slug":"sommerparty-2025","status":"publish","type":"page","link":"http:\/\/freebiker-burg.com\/?page_id=1920","title":{"rendered":"Sommerparty 2025"},"content":{"rendered":"<h1 style=\"text-align: center;\">Sommerparty 2025<\/h1>\n<h2 style=\"text-align: center;\">So Leute das wars&#8230;..<\/h2>\n<h2 style=\"text-align: center;\">unsere VORERST letzte Sommerparty!<\/h2>\n<h3 style=\"text-align: center;\">Nein keine Angst, wir sind trotzdem weiterhin mit unserer Angrill und Abgrillparty am Start!<\/h3>\n<p style=\"text-align: center;\">Die n\u00e4chste Abgrillparty findet \u00fcbrigens am 01.11.2025 statt&#8230;n\u00e4heres bald bei den Events..!<\/p>\n<p style=\"text-align: center;\">Wir bedanken uns wie immer bei unseren Unterst\u00fctzern und allen unseren Freunden f\u00fcr die Unterst\u00fctzung!<\/p>\n<p>&nbsp;<\/p>\n<p><img loading=\"lazy\" decoding=\"async\" class=\"alignnone wp-image-1885\" src=\"http:\/\/freebiker-burg.com\/wp-content\/uploads\/2025\/09\/IMG_3117-300x200.jpg\" alt=\"\" width=\"1016\" height=\"677\" srcset=\"http:\/\/freebiker-burg.com\/wp-content\/uploads\/2025\/09\/IMG_3117-300x200.jpg 300w, http:\/\/freebiker-burg.com\/wp-content\/uploads\/2025\/09\/IMG_3117-1024x683.jpg 1024w, http:\/\/freebiker-burg.com\/wp-content\/uploads\/2025\/09\/IMG_3117-768x512.jpg 768w, http:\/\/freebiker-burg.com\/wp-content\/uploads\/2025\/09\/IMG_3117-1536x1024.jpg 1536w, http:\/\/freebiker-burg.com\/wp-content\/uploads\/2025\/09\/IMG_3117-2048x1365.jpg 2048w\" sizes=\"auto, (max-width: 1016px) 100vw, 1016px\" \/><\/p>\n<p><img loading=\"lazy\" decoding=\"async\" class=\"alignnone wp-image-1886\" src=\"http:\/\/freebiker-burg.com\/wp-content\/uploads\/2025\/09\/IMG_3119-300x200.jpg\" alt=\"\" width=\"980\" height=\"653\" srcset=\"http:\/\/freebiker-burg.com\/wp-content\/uploads\/2025\/09\/IMG_3119-300x200.jpg 300w, http:\/\/freebiker-burg.com\/wp-content\/uploads\/2025\/09\/IMG_3119-1024x683.jpg 1024w, http:\/\/freebiker-burg.com\/wp-content\/uploads\/2025\/09\/IMG_3119-768x512.jpg 768w, http:\/\/freebiker-burg.com\/wp-content\/uploads\/2025\/09\/IMG_3119-1536x1024.jpg 1536w, http:\/\/freebiker-burg.com\/wp-content\/uploads\/2025\/09\/IMG_3119-2048x1365.jpg 2048w\" sizes=\"auto, (max-width: 980px) 100vw, 980px\" \/><\/p>\n<p><img loading=\"lazy\" decoding=\"async\" class=\"alignnone wp-image-1887\" src=\"http:\/\/freebiker-burg.com\/wp-content\/uploads\/2025\/09\/IMG_3120-300x200.jpg\" alt=\"\" width=\"1055\" height=\"703\" srcset=\"http:\/\/freebiker-burg.com\/wp-content\/uploads\/2025\/09\/IMG_3120-300x200.jpg 300w, http:\/\/freebiker-burg.com\/wp-content\/uploads\/2025\/09\/IMG_3120-1024x683.jpg 1024w, http:\/\/freebiker-burg.com\/wp-content\/uploads\/2025\/09\/IMG_3120-768x512.jpg 768w, http:\/\/freebiker-burg.com\/wp-content\/uploads\/2025\/09\/IMG_3120-1536x1024.jpg 1536w, http:\/\/freebiker-burg.com\/wp-content\/uploads\/2025\/09\/IMG_3120-2048x1365.jpg 2048w\" sizes=\"auto, (max-width: 1055px) 100vw, 1055px\" \/><\/p>\n<p><img loading=\"lazy\" decoding=\"async\" class=\"alignnone wp-image-1888\" src=\"http:\/\/freebiker-burg.com\/wp-content\/uploads\/2025\/09\/IMG_3121-300x200.jpg\" alt=\"\" width=\"1055\" height=\"703\" srcset=\"http:\/\/freebiker-burg.com\/wp-content\/uploads\/2025\/09\/IMG_3121-300x200.jpg 300w, http:\/\/freebiker-burg.com\/wp-content\/uploads\/2025\/09\/IMG_3121-1024x683.jpg 1024w, http:\/\/freebiker-burg.com\/wp-content\/uploads\/2025\/09\/IMG_3121-768x512.jpg 768w, http:\/\/freebiker-burg.com\/wp-content\/uploads\/2025\/09\/IMG_3121-1536x1024.jpg 1536w, http:\/\/freebiker-burg.com\/wp-content\/uploads\/2025\/09\/IMG_3121-2048x1365.jpg 2048w\" sizes=\"auto, (max-width: 1055px) 100vw, 1055px\" \/><\/p>\n<p><img loading=\"lazy\" decoding=\"async\" class=\"alignnone wp-image-1889\" src=\"http:\/\/freebiker-burg.com\/wp-content\/uploads\/2025\/09\/IMG_3122-300x200.jpg\" alt=\"\" width=\"1047\" height=\"698\" srcset=\"http:\/\/freebiker-burg.com\/wp-content\/uploads\/2025\/09\/IMG_3122-300x200.jpg 300w, http:\/\/freebiker-burg.com\/wp-content\/uploads\/2025\/09\/IMG_3122-1024x683.jpg 1024w, http:\/\/freebiker-burg.com\/wp-content\/uploads\/2025\/09\/IMG_3122-768x512.jpg 768w, http:\/\/freebiker-burg.com\/wp-content\/uploads\/2025\/09\/IMG_3122-1536x1024.jpg 1536w, http:\/\/freebiker-burg.com\/wp-content\/uploads\/2025\/09\/IMG_3122-2048x1365.jpg 2048w\" sizes=\"auto, (max-width: 1047px) 100vw, 1047px\" \/><\/p>\n<p><img loading=\"lazy\" decoding=\"async\" class=\"alignnone wp-image-1890\" src=\"http:\/\/freebiker-burg.com\/wp-content\/uploads\/2025\/09\/IMG_3123-300x200.jpg\" alt=\"\" width=\"972\" height=\"648\" srcset=\"http:\/\/freebiker-burg.com\/wp-content\/uploads\/2025\/09\/IMG_3123-300x200.jpg 300w, http:\/\/freebiker-burg.com\/wp-content\/uploads\/2025\/09\/IMG_3123-1024x683.jpg 1024w, http:\/\/freebiker-burg.com\/wp-content\/uploads\/2025\/09\/IMG_3123-768x512.jpg 768w, http:\/\/freebiker-burg.com\/wp-content\/uploads\/2025\/09\/IMG_3123-1536x1024.jpg 1536w, http:\/\/freebiker-burg.com\/wp-content\/uploads\/2025\/09\/IMG_3123-2048x1365.jpg 2048w\" sizes=\"auto, (max-width: 972px) 100vw, 972px\" \/><\/p>\n<p><img loading=\"lazy\" decoding=\"async\" class=\"alignnone wp-image-1891\" src=\"http:\/\/freebiker-burg.com\/wp-content\/uploads\/2025\/09\/IMG_3124-300x200.jpg\" alt=\"\" width=\"927\" height=\"618\" srcset=\"http:\/\/freebiker-burg.com\/wp-content\/uploads\/2025\/09\/IMG_3124-300x200.jpg 300w, http:\/\/freebiker-burg.com\/wp-content\/uploads\/2025\/09\/IMG_3124-1024x683.jpg 1024w, http:\/\/freebiker-burg.com\/wp-content\/uploads\/2025\/09\/IMG_3124-768x512.jpg 768w, http:\/\/freebiker-burg.com\/wp-content\/uploads\/2025\/09\/IMG_3124-1536x1024.jpg 1536w, http:\/\/freebiker-burg.com\/wp-content\/uploads\/2025\/09\/IMG_3124-2048x1365.jpg 2048w\" sizes=\"auto, (max-width: 927px) 100vw, 927px\" \/><\/p>\n<p><img loading=\"lazy\" decoding=\"async\" class=\"alignnone wp-image-1893\" src=\"http:\/\/freebiker-burg.com\/wp-content\/uploads\/2025\/09\/IMG_3126-200x300.jpg\" alt=\"\" width=\"1058\" height=\"1587\" srcset=\"http:\/\/freebiker-burg.com\/wp-content\/uploads\/2025\/09\/IMG_3126-200x300.jpg 200w, http:\/\/freebiker-burg.com\/wp-content\/uploads\/2025\/09\/IMG_3126-683x1024.jpg 683w, http:\/\/freebiker-burg.com\/wp-content\/uploads\/2025\/09\/IMG_3126-768x1152.jpg 768w, http:\/\/freebiker-burg.com\/wp-content\/uploads\/2025\/09\/IMG_3126-1024x1536.jpg 1024w, http:\/\/freebiker-burg.com\/wp-content\/uploads\/2025\/09\/IMG_3126-1365x2048.jpg 1365w, http:\/\/freebiker-burg.com\/wp-content\/uploads\/2025\/09\/IMG_3126-scaled.jpg 1707w\" sizes=\"auto, (max-width: 1058px) 100vw, 1058px\" \/><\/p>\n<p><img loading=\"lazy\" decoding=\"async\" class=\"alignnone wp-image-1894\" src=\"http:\/\/freebiker-burg.com\/wp-content\/uploads\/2025\/09\/IMG_3127-300x200.jpg\" alt=\"\" width=\"1007\" height=\"671\" srcset=\"http:\/\/freebiker-burg.com\/wp-content\/uploads\/2025\/09\/IMG_3127-300x200.jpg 300w, http:\/\/freebiker-burg.com\/wp-content\/uploads\/2025\/09\/IMG_3127-1024x683.jpg 1024w, http:\/\/freebiker-burg.com\/wp-content\/uploads\/2025\/09\/IMG_3127-768x512.jpg 768w, http:\/\/freebiker-burg.com\/wp-content\/uploads\/2025\/09\/IMG_3127-1536x1024.jpg 1536w, http:\/\/freebiker-burg.com\/wp-content\/uploads\/2025\/09\/IMG_3127-2048x1365.jpg 2048w\" sizes=\"auto, (max-width: 1007px) 100vw, 1007px\" \/><\/p>\n<p><img loading=\"lazy\" decoding=\"async\" class=\"alignnone wp-image-1895\" src=\"http:\/\/freebiker-burg.com\/wp-content\/uploads\/2025\/09\/IMG_3128-300x200.jpg\" alt=\"\" width=\"1010\" height=\"673\" srcset=\"http:\/\/freebiker-burg.com\/wp-content\/uploads\/2025\/09\/IMG_3128-300x200.jpg 300w, http:\/\/freebiker-burg.com\/wp-content\/uploads\/2025\/09\/IMG_3128-1024x683.jpg 1024w, http:\/\/freebiker-burg.com\/wp-content\/uploads\/2025\/09\/IMG_3128-768x512.jpg 768w, http:\/\/freebiker-burg.com\/wp-content\/uploads\/2025\/09\/IMG_3128-1536x1024.jpg 1536w, http:\/\/freebiker-burg.com\/wp-content\/uploads\/2025\/09\/IMG_3128-2048x1365.jpg 2048w\" sizes=\"auto, (max-width: 1010px) 100vw, 1010px\" \/><\/p>\n<p><img loading=\"lazy\" decoding=\"async\" class=\"alignnone wp-image-1896\" src=\"http:\/\/freebiker-burg.com\/wp-content\/uploads\/2025\/09\/IMG_3129-300x200.jpg\" alt=\"\" width=\"1055\" height=\"703\" srcset=\"http:\/\/freebiker-burg.com\/wp-content\/uploads\/2025\/09\/IMG_3129-300x200.jpg 300w, http:\/\/freebiker-burg.com\/wp-content\/uploads\/2025\/09\/IMG_3129-1024x683.jpg 1024w, http:\/\/freebiker-burg.com\/wp-content\/uploads\/2025\/09\/IMG_3129-768x512.jpg 768w, http:\/\/freebiker-burg.com\/wp-content\/uploads\/2025\/09\/IMG_3129-1536x1024.jpg 1536w, http:\/\/freebiker-burg.com\/wp-content\/uploads\/2025\/09\/IMG_3129-2048x1365.jpg 2048w\" sizes=\"auto, (max-width: 1055px) 100vw, 1055px\" \/><\/p>\n<p><img loading=\"lazy\" decoding=\"async\" class=\"alignnone wp-image-1897\" src=\"http:\/\/freebiker-burg.com\/wp-content\/uploads\/2025\/09\/IMG_3130-300x200.jpg\" alt=\"\" width=\"956\" height=\"637\" srcset=\"http:\/\/freebiker-burg.com\/wp-content\/uploads\/2025\/09\/IMG_3130-300x200.jpg 300w, http:\/\/freebiker-burg.com\/wp-content\/uploads\/2025\/09\/IMG_3130-1024x683.jpg 1024w, http:\/\/freebiker-burg.com\/wp-content\/uploads\/2025\/09\/IMG_3130-768x512.jpg 768w, http:\/\/freebiker-burg.com\/wp-content\/uploads\/2025\/09\/IMG_3130-1536x1024.jpg 1536w, http:\/\/freebiker-burg.com\/wp-content\/uploads\/2025\/09\/IMG_3130-2048x1365.jpg 2048w\" sizes=\"auto, (max-width: 956px) 100vw, 956px\" \/><\/p>\n<p><img loading=\"lazy\" decoding=\"async\" class=\"alignnone wp-image-1898\" src=\"http:\/\/freebiker-burg.com\/wp-content\/uploads\/2025\/09\/IMG_3131-300x200.jpg\" alt=\"\" width=\"998\" height=\"665\" srcset=\"http:\/\/freebiker-burg.com\/wp-content\/uploads\/2025\/09\/IMG_3131-300x200.jpg 300w, http:\/\/freebiker-burg.com\/wp-content\/uploads\/2025\/09\/IMG_3131-1024x683.jpg 1024w, http:\/\/freebiker-burg.com\/wp-content\/uploads\/2025\/09\/IMG_3131-768x512.jpg 768w, http:\/\/freebiker-burg.com\/wp-content\/uploads\/2025\/09\/IMG_3131-1536x1024.jpg 1536w, http:\/\/freebiker-burg.com\/wp-content\/uploads\/2025\/09\/IMG_3131-2048x1365.jpg 2048w\" sizes=\"auto, (max-width: 998px) 100vw, 998px\" \/><\/p>\n<p><img loading=\"lazy\" decoding=\"async\" class=\"alignnone wp-image-1899\" src=\"http:\/\/freebiker-burg.com\/wp-content\/uploads\/2025\/09\/IMG_3132-300x200.jpg\" alt=\"\" width=\"959\" height=\"639\" srcset=\"http:\/\/freebiker-burg.com\/wp-content\/uploads\/2025\/09\/IMG_3132-300x200.jpg 300w, http:\/\/freebiker-burg.com\/wp-content\/uploads\/2025\/09\/IMG_3132-1024x683.jpg 1024w, http:\/\/freebiker-burg.com\/wp-content\/uploads\/2025\/09\/IMG_3132-768x512.jpg 768w, http:\/\/freebiker-burg.com\/wp-content\/uploads\/2025\/09\/IMG_3132-1536x1024.jpg 1536w, http:\/\/freebiker-burg.com\/wp-content\/uploads\/2025\/09\/IMG_3132-2048x1365.jpg 2048w\" sizes=\"auto, (max-width: 959px) 100vw, 959px\" \/><\/p>\n<p><img loading=\"lazy\" decoding=\"async\" class=\"alignnone wp-image-1900\" src=\"http:\/\/freebiker-burg.com\/wp-content\/uploads\/2025\/09\/IMG_3133-300x200.jpg\" alt=\"\" width=\"986\" height=\"657\" srcset=\"http:\/\/freebiker-burg.com\/wp-content\/uploads\/2025\/09\/IMG_3133-300x200.jpg 300w, http:\/\/freebiker-burg.com\/wp-content\/uploads\/2025\/09\/IMG_3133-1024x683.jpg 1024w, http:\/\/freebiker-burg.com\/wp-content\/uploads\/2025\/09\/IMG_3133-768x512.jpg 768w, http:\/\/freebiker-burg.com\/wp-content\/uploads\/2025\/09\/IMG_3133-1536x1024.jpg 1536w, http:\/\/freebiker-burg.com\/wp-content\/uploads\/2025\/09\/IMG_3133-2048x1365.jpg 2048w\" sizes=\"auto, (max-width: 986px) 100vw, 986px\" \/><\/p>\n<p><img loading=\"lazy\" decoding=\"async\" class=\"alignnone wp-image-1906\" src=\"http:\/\/freebiker-burg.com\/wp-content\/uploads\/2025\/09\/IMG_3140-300x200.jpg\" alt=\"\" width=\"1005\" height=\"670\" srcset=\"http:\/\/freebiker-burg.com\/wp-content\/uploads\/2025\/09\/IMG_3140-300x200.jpg 300w, http:\/\/freebiker-burg.com\/wp-content\/uploads\/2025\/09\/IMG_3140-1024x683.jpg 1024w, http:\/\/freebiker-burg.com\/wp-content\/uploads\/2025\/09\/IMG_3140-768x512.jpg 768w, http:\/\/freebiker-burg.com\/wp-content\/uploads\/2025\/09\/IMG_3140-1536x1024.jpg 1536w, http:\/\/freebiker-burg.com\/wp-content\/uploads\/2025\/09\/IMG_3140-2048x1365.jpg 2048w\" sizes=\"auto, (max-width: 1005px) 100vw, 1005px\" \/><\/p>\n<p><img loading=\"lazy\" decoding=\"async\" class=\"alignnone wp-image-1907\" src=\"http:\/\/freebiker-burg.com\/wp-content\/uploads\/2025\/09\/IMG_3141-300x200.jpg\" alt=\"\" width=\"1011\" height=\"674\" srcset=\"http:\/\/freebiker-burg.com\/wp-content\/uploads\/2025\/09\/IMG_3141-300x200.jpg 300w, http:\/\/freebiker-burg.com\/wp-content\/uploads\/2025\/09\/IMG_3141-1024x683.jpg 1024w, http:\/\/freebiker-burg.com\/wp-content\/uploads\/2025\/09\/IMG_3141-768x512.jpg 768w, http:\/\/freebiker-burg.com\/wp-content\/uploads\/2025\/09\/IMG_3141-1536x1024.jpg 1536w, http:\/\/freebiker-burg.com\/wp-content\/uploads\/2025\/09\/IMG_3141-2048x1365.jpg 2048w\" sizes=\"auto, (max-width: 1011px) 100vw, 1011px\" \/><\/p>\n<p><img loading=\"lazy\" decoding=\"async\" class=\"alignnone wp-image-1908\" src=\"http:\/\/freebiker-burg.com\/wp-content\/uploads\/2025\/09\/IMG_3142-300x200.jpg\" alt=\"\" width=\"960\" height=\"640\" srcset=\"http:\/\/freebiker-burg.com\/wp-content\/uploads\/2025\/09\/IMG_3142-300x200.jpg 300w, http:\/\/freebiker-burg.com\/wp-content\/uploads\/2025\/09\/IMG_3142-1024x683.jpg 1024w, http:\/\/freebiker-burg.com\/wp-content\/uploads\/2025\/09\/IMG_3142-768x512.jpg 768w, http:\/\/freebiker-burg.com\/wp-content\/uploads\/2025\/09\/IMG_3142-1536x1024.jpg 1536w, http:\/\/freebiker-burg.com\/wp-content\/uploads\/2025\/09\/IMG_3142-2048x1365.jpg 2048w\" sizes=\"auto, (max-width: 960px) 100vw, 960px\" \/><\/p>\n<p><img loading=\"lazy\" decoding=\"async\" class=\"alignnone wp-image-1909\" src=\"http:\/\/freebiker-burg.com\/wp-content\/uploads\/2025\/09\/IMG_3144-300x200.jpg\" alt=\"\" width=\"1016\" height=\"677\" srcset=\"http:\/\/freebiker-burg.com\/wp-content\/uploads\/2025\/09\/IMG_3144-300x200.jpg 300w, http:\/\/freebiker-burg.com\/wp-content\/uploads\/2025\/09\/IMG_3144-1024x683.jpg 1024w, http:\/\/freebiker-burg.com\/wp-content\/uploads\/2025\/09\/IMG_3144-768x512.jpg 768w, http:\/\/freebiker-burg.com\/wp-content\/uploads\/2025\/09\/IMG_3144-1536x1024.jpg 1536w, http:\/\/freebiker-burg.com\/wp-content\/uploads\/2025\/09\/IMG_3144-2048x1365.jpg 2048w\" sizes=\"auto, (max-width: 1016px) 100vw, 1016px\" \/><\/p>\n<p><img loading=\"lazy\" decoding=\"async\" class=\"alignnone wp-image-1910\" src=\"http:\/\/freebiker-burg.com\/wp-content\/uploads\/2025\/09\/IMG_3145-300x200.jpg\" alt=\"\" width=\"1040\" height=\"693\" srcset=\"http:\/\/freebiker-burg.com\/wp-content\/uploads\/2025\/09\/IMG_3145-300x200.jpg 300w, http:\/\/freebiker-burg.com\/wp-content\/uploads\/2025\/09\/IMG_3145-1024x683.jpg 1024w, http:\/\/freebiker-burg.com\/wp-content\/uploads\/2025\/09\/IMG_3145-768x512.jpg 768w, http:\/\/freebiker-burg.com\/wp-content\/uploads\/2025\/09\/IMG_3145-1536x1024.jpg 1536w, http:\/\/freebiker-burg.com\/wp-content\/uploads\/2025\/09\/IMG_3145-2048x1365.jpg 2048w\" sizes=\"auto, (max-width: 1040px) 100vw, 1040px\" \/><\/p>\n<p><img loading=\"lazy\" decoding=\"async\" class=\"alignnone wp-image-1911\" src=\"http:\/\/freebiker-burg.com\/wp-content\/uploads\/2025\/09\/IMG_3146-300x200.jpg\" alt=\"\" width=\"974\" height=\"649\" srcset=\"http:\/\/freebiker-burg.com\/wp-content\/uploads\/2025\/09\/IMG_3146-300x200.jpg 300w, http:\/\/freebiker-burg.com\/wp-content\/uploads\/2025\/09\/IMG_3146-1024x683.jpg 1024w, http:\/\/freebiker-burg.com\/wp-content\/uploads\/2025\/09\/IMG_3146-768x512.jpg 768w, http:\/\/freebiker-burg.com\/wp-content\/uploads\/2025\/09\/IMG_3146-1536x1024.jpg 1536w, http:\/\/freebiker-burg.com\/wp-content\/uploads\/2025\/09\/IMG_3146-2048x1365.jpg 2048w\" sizes=\"auto, (max-width: 974px) 100vw, 974px\" \/><\/p>\n<p><img loading=\"lazy\" decoding=\"async\" class=\"alignnone wp-image-1912\" src=\"http:\/\/freebiker-burg.com\/wp-content\/uploads\/2025\/09\/IMG_3147-300x200.jpg\" alt=\"\" width=\"1001\" height=\"667\" srcset=\"http:\/\/freebiker-burg.com\/wp-content\/uploads\/2025\/09\/IMG_3147-300x200.jpg 300w, http:\/\/freebiker-burg.com\/wp-content\/uploads\/2025\/09\/IMG_3147-1024x683.jpg 1024w, http:\/\/freebiker-burg.com\/wp-content\/uploads\/2025\/09\/IMG_3147-768x512.jpg 768w, http:\/\/freebiker-burg.com\/wp-content\/uploads\/2025\/09\/IMG_3147-1536x1024.jpg 1536w, http:\/\/freebiker-burg.com\/wp-content\/uploads\/2025\/09\/IMG_3147-2048x1365.jpg 2048w\" sizes=\"auto, (max-width: 1001px) 100vw, 1001px\" \/><\/p>\n<p><img loading=\"lazy\" decoding=\"async\" class=\"alignnone wp-image-1913\" src=\"http:\/\/freebiker-burg.com\/wp-content\/uploads\/2025\/09\/IMG_3148-300x200.jpg\" alt=\"\" width=\"935\" height=\"623\" srcset=\"http:\/\/freebiker-burg.com\/wp-content\/uploads\/2025\/09\/IMG_3148-300x200.jpg 300w, http:\/\/freebiker-burg.com\/wp-content\/uploads\/2025\/09\/IMG_3148-1024x683.jpg 1024w, http:\/\/freebiker-burg.com\/wp-content\/uploads\/2025\/09\/IMG_3148-768x512.jpg 768w, http:\/\/freebiker-burg.com\/wp-content\/uploads\/2025\/09\/IMG_3148-1536x1024.jpg 1536w, http:\/\/freebiker-burg.com\/wp-content\/uploads\/2025\/09\/IMG_3148-2048x1365.jpg 2048w\" sizes=\"auto, (max-width: 935px) 100vw, 935px\" \/><\/p>\n<p><img loading=\"lazy\" decoding=\"async\" class=\"alignnone wp-image-1914\" src=\"http:\/\/freebiker-burg.com\/wp-content\/uploads\/2025\/09\/IMG_3149-300x200.jpg\" alt=\"\" width=\"896\" height=\"597\" srcset=\"http:\/\/freebiker-burg.com\/wp-content\/uploads\/2025\/09\/IMG_3149-300x200.jpg 300w, http:\/\/freebiker-burg.com\/wp-content\/uploads\/2025\/09\/IMG_3149-1024x683.jpg 1024w, http:\/\/freebiker-burg.com\/wp-content\/uploads\/2025\/09\/IMG_3149-768x512.jpg 768w, http:\/\/freebiker-burg.com\/wp-content\/uploads\/2025\/09\/IMG_3149-1536x1024.jpg 1536w, http:\/\/freebiker-burg.com\/wp-content\/uploads\/2025\/09\/IMG_3149-2048x1365.jpg 2048w\" sizes=\"auto, (max-width: 896px) 100vw, 896px\" \/><\/p>\n<p><img loading=\"lazy\" decoding=\"async\" class=\"alignnone wp-image-1915\" src=\"http:\/\/freebiker-burg.com\/wp-content\/uploads\/2025\/09\/IMG_3150-200x300.jpg\" alt=\"\" width=\"919\" height=\"1379\" srcset=\"http:\/\/freebiker-burg.com\/wp-content\/uploads\/2025\/09\/IMG_3150-200x300.jpg 200w, http:\/\/freebiker-burg.com\/wp-content\/uploads\/2025\/09\/IMG_3150-683x1024.jpg 683w, http:\/\/freebiker-burg.com\/wp-content\/uploads\/2025\/09\/IMG_3150-768x1152.jpg 768w, http:\/\/freebiker-burg.com\/wp-content\/uploads\/2025\/09\/IMG_3150-1024x1536.jpg 1024w, http:\/\/freebiker-burg.com\/wp-content\/uploads\/2025\/09\/IMG_3150-1365x2048.jpg 1365w, http:\/\/freebiker-burg.com\/wp-content\/uploads\/2025\/09\/IMG_3150-scaled.jpg 1707w\" sizes=\"auto, (max-width: 919px) 100vw, 919px\" \/><\/p>\n<p><img loading=\"lazy\" decoding=\"async\" class=\"alignnone wp-image-1916\" src=\"http:\/\/freebiker-burg.com\/wp-content\/uploads\/2025\/09\/IMG_3152-300x200.jpg\" alt=\"\" width=\"1026\" height=\"684\" srcset=\"http:\/\/freebiker-burg.com\/wp-content\/uploads\/2025\/09\/IMG_3152-300x200.jpg 300w, http:\/\/freebiker-burg.com\/wp-content\/uploads\/2025\/09\/IMG_3152-1024x683.jpg 1024w, http:\/\/freebiker-burg.com\/wp-content\/uploads\/2025\/09\/IMG_3152-768x512.jpg 768w, http:\/\/freebiker-burg.com\/wp-content\/uploads\/2025\/09\/IMG_3152-1536x1024.jpg 1536w, http:\/\/freebiker-burg.com\/wp-content\/uploads\/2025\/09\/IMG_3152-2048x1365.jpg 2048w\" sizes=\"auto, (max-width: 1026px) 100vw, 1026px\" \/><\/p>\n<p><img loading=\"lazy\" decoding=\"async\" class=\"alignnone wp-image-1917\" src=\"http:\/\/freebiker-burg.com\/wp-content\/uploads\/2025\/09\/IMG_3154-300x200.jpg\" alt=\"\" width=\"1008\" height=\"672\" srcset=\"http:\/\/freebiker-burg.com\/wp-content\/uploads\/2025\/09\/IMG_3154-300x200.jpg 300w, http:\/\/freebiker-burg.com\/wp-content\/uploads\/2025\/09\/IMG_3154-1024x683.jpg 1024w, http:\/\/freebiker-burg.com\/wp-content\/uploads\/2025\/09\/IMG_3154-768x512.jpg 768w, http:\/\/freebiker-burg.com\/wp-content\/uploads\/2025\/09\/IMG_3154-1536x1024.jpg 1536w, http:\/\/freebiker-burg.com\/wp-content\/uploads\/2025\/09\/IMG_3154-2048x1365.jpg 2048w\" sizes=\"auto, (max-width: 1008px) 100vw, 1008px\" \/><\/p>\n<p><img loading=\"lazy\" decoding=\"async\" class=\"alignnone wp-image-1918\" src=\"http:\/\/freebiker-burg.com\/wp-content\/uploads\/2025\/09\/IMG_3156-300x200.jpg\" alt=\"\" width=\"1028\" height=\"685\" srcset=\"http:\/\/freebiker-burg.com\/wp-content\/uploads\/2025\/09\/IMG_3156-300x200.jpg 300w, http:\/\/freebiker-burg.com\/wp-content\/uploads\/2025\/09\/IMG_3156-1024x683.jpg 1024w, http:\/\/freebiker-burg.com\/wp-content\/uploads\/2025\/09\/IMG_3156-768x512.jpg 768w, http:\/\/freebiker-burg.com\/wp-content\/uploads\/2025\/09\/IMG_3156-1536x1024.jpg 1536w, http:\/\/freebiker-burg.com\/wp-content\/uploads\/2025\/09\/IMG_3156-2048x1365.jpg 2048w\" sizes=\"auto, (max-width: 1028px) 100vw, 1028px\" \/><\/p>\n<p><img loading=\"lazy\" decoding=\"async\" class=\"alignnone wp-image-1919\" src=\"http:\/\/freebiker-burg.com\/wp-content\/uploads\/2025\/09\/IMG_3157-300x200.jpg\" alt=\"\" width=\"896\" height=\"597\" srcset=\"http:\/\/freebiker-burg.com\/wp-content\/uploads\/2025\/09\/IMG_3157-300x200.jpg 300w, http:\/\/freebiker-burg.com\/wp-content\/uploads\/2025\/09\/IMG_3157-1024x683.jpg 1024w, http:\/\/freebiker-burg.com\/wp-content\/uploads\/2025\/09\/IMG_3157-768x512.jpg 768w, http:\/\/freebiker-burg.com\/wp-content\/uploads\/2025\/09\/IMG_3157-1536x1024.jpg 1536w, http:\/\/freebiker-burg.com\/wp-content\/uploads\/2025\/09\/IMG_3157-2048x1365.jpg 2048w\" sizes=\"auto, (max-width: 896px) 100vw, 896px\" \/><\/p>\n","protected":false},"excerpt":{"rendered":"<p>Sommerparty 2025 So Leute das wars&#8230;.. unsere VORERST letzte Sommerparty! Nein keine Angst, wir sind trotzdem weiterhin mit unserer Angrill und Abgrillparty am Start! Die n\u00e4chste Abgrillparty findet \u00fcbrigens am 01.11.2025 statt&#8230;n\u00e4heres bald bei den Events..! Wir bedanken uns wie immer bei unseren Unterst\u00fctzern und allen unseren Freunden f\u00fcr die Unterst\u00fctzung! &nbsp;<\/p>\n","protected":false},"author":1,"featured_media":0,"parent":0,"menu_order":0,"comment_status":"closed","ping_status":"closed","template":"","meta":{"footnotes":""},"class_list":["post-1920","page","type-page","status-publish","hentry"],"_links":{"self":[{"href":"http:\/\/freebiker-burg.com\/index.php?rest_route=\/wp\/v2\/pages\/1920","targetHints":{"allow":["GET"]}}],"collection":[{"href":"http:\/\/freebiker-burg.com\/index.php?rest_route=\/wp\/v2\/pages"}],"about":[{"href":"http:\/\/freebiker-burg.com\/index.php?rest_route=\/wp\/v2\/types\/page"}],"author":[{"embeddable":true,"href":"http:\/\/freebiker-burg.com\/index.php?rest_route=\/wp\/v2\/users\/1"}],"replies":[{"embeddable":true,"href":"http:\/\/freebiker-burg.com\/index.php?rest_route=%2Fwp%2Fv2%2Fcomments&post=1920"}],"version-history":[{"count":5,"href":"http:\/\/freebiker-burg.com\/index.php?rest_route=\/wp\/v2\/pages\/1920\/revisions"}],"predecessor-version":[{"id":1928,"href":"http:\/\/freebiker-burg.com\/index.php?rest_route=\/wp\/v2\/pages\/1920\/revisions\/1928"}],"wp:attachment":[{"href":"http:\/\/freebiker-burg.com\/index.php?rest_route=%2Fwp%2Fv2%2Fmedia&parent=1920"}],"curies":[{"name":"wp","href":"https:\/\/api.w.org\/{rel}","templated":true}]}}